{"id":10651,"date":"2019-01-31T18:04:07","date_gmt":"2019-01-31T17:04:07","guid":{"rendered":"http:\/\/exaequo-communication.fr\/?page_id=10651"},"modified":"2019-02-07T09:48:53","modified_gmt":"2019-02-07T08:48:53","slug":"saveurs-normandes","status":"publish","type":"page","link":"https:\/\/exaequo-communication.fr\/index.php\/saveurs-normandes\/","title":{"rendered":"Team building &#8211; Saveurs normandes"},"content":{"rendered":"[vc_row type=\u00a0\u00bbin_container\u00a0\u00bb full_screen_row_position=\u00a0\u00bbmiddle\u00a0\u00bb bg_color=\u00a0\u00bb#eae8e8&Prime; scene_position=\u00a0\u00bbcenter\u00a0\u00bb text_color=\u00a0\u00bblight\u00a0\u00bb text_align=\u00a0\u00bbleft\u00a0\u00bb top_padding=\u00a0\u00bb40&Prime; bottom_padding=\u00a0\u00bb25&Prime; id=\u00a0\u00bbentreprise\u00a0\u00bb color_overlay=\u00a0\u00bb#eae8e8&Prime; overlay_strength=\u00a0\u00bb0.8&Prime; shape_divider_position=\u00a0\u00bbbottom\u00a0\u00bb shape_divider_height=\u00a0\u00bb300&Prime; bg_type=\u00a0\u00bbbg_color\u00a0\u00bb bg_override=\u00a0\u00bbex-full\u00a0\u00bb hover_anim=\u00a0\u00bbzoom\u00a0\u00bb shape_type=\u00a0\u00bbspeech\u00a0\u00bb bg_color_value=\u00a0\u00bb#eae8e8&Prime;][vc_column column_padding=\u00a0\u00bbno-extra-padding\u00a0\u00bb column_padding_position=\u00a0\u00bball\u00a0\u00bb background_color=\u00a0\u00bb#eae8e8&Prime; background_color_opacity=\u00a0\u00bb1&Prime; background_color_hover=\u00a0\u00bb#eae8e8&Prime; background_hover_color_opacity=\u00a0\u00bb1&Prime; column_link_target=\u00a0\u00bb_self\u00a0\u00bb column_shadow=\u00a0\u00bbnone\u00a0\u00bb column_border_radius=\u00a0\u00bbnone\u00a0\u00bb width=\u00a0\u00bb1\/1&Prime; tablet_width_inherit=\u00a0\u00bbdefault\u00a0\u00bb tablet_text_alignment=\u00a0\u00bbdefault\u00a0\u00bb phone_text_alignment=\u00a0\u00bbdefault\u00a0\u00bb column_border_width=\u00a0\u00bbnone\u00a0\u00bb column_border_color=\u00a0\u00bb#eae8e8&Prime; column_border_style=\u00a0\u00bbsolid\u00a0\u00bb][vc_column_text css_animation=\u00a0\u00bbfadeIn\u00a0\u00bb]\n<h2 style=\"text-align: center;\"><span style=\"color: #333333;\">SAVEURS NORMANDES<\/span><\/h2>\n<p><span style=\"color: #000000;\">Envie d&rsquo;\u00e9moustiller les papilles de vos collaborateurs et de solliciter leurs sens ? Nos team-building Saveurs Normandes sont faits pour vous ! Ils vous permettront de challenger vos collaborateurs de mani\u00e8re ludique tout en \u00e9tant accessibles \u00e0 tous. Ces team-building sont con\u00e7us pour \u00eatre plus qu&rsquo;une simple d\u00e9couverte culinaire normande, mais une v\u00e9ritable exp\u00e9rience !\u00a0<\/span>[\/vc_column_text][vc_row_inner column_margin=\u00a0\u00bbdefault\u00a0\u00bb top_padding=\u00a0\u00bb30&Prime; text_align=\u00a0\u00bbleft\u00a0\u00bb][vc_column_inner column_padding=\u00a0\u00bbno-extra-padding\u00a0\u00bb column_padding_position=\u00a0\u00bball\u00a0\u00bb background_color=\u00a0\u00bb#eae8e8&Prime; background_color_opacity=\u00a0\u00bb1&Prime; background_color_hover=\u00a0\u00bb#eae8e8&Prime; background_hover_color_opacity=\u00a0\u00bb1&Prime; font_color=\u00a0\u00bb#ffffff\u00a0\u00bb column_shadow=\u00a0\u00bbnone\u00a0\u00bb column_border_radius=\u00a0\u00bbnone\u00a0\u00bb column_link_target=\u00a0\u00bb_self\u00a0\u00bb width=\u00a0\u00bb1\/2&Prime; tablet_width_inherit=\u00a0\u00bbdefault\u00a0\u00bb column_border_width=\u00a0\u00bbnone\u00a0\u00bb column_border_style=\u00a0\u00bbsolid\u00a0\u00bb]<div class=\"ult-new-ib ult-ib-effect-style11  ult-ib-resp  \" data-min-width=\"768\" data-max-width=\"900\" style=\"background:#f56326;\" data-opacity=\"0.2\" data-hover-opacity=\"0.5\" ><img decoding=\"async\" class=\"ult-new-ib-img\" style=\"opacity:0.2;\" alt=\"cuisine et vins\" src=\"https:\/\/exaequo-communication.fr\/wp-content\/uploads\/2019\/01\/PLATO_CCI_2012-28.jpg\"   \/><div id=\"interactive-banner-wrap-9077\" class=\"ult-new-ib-desc\" style=\"\"><h4 class=\"ult-new-ib-title ult-responsive\"  data-ultimate-target='#interactive-banner-wrap-9077 .ult-new-ib-title'  data-responsive-json-new='{\"font-size\":\"desktop:25px;\",\"line-height\":\"\"}'  style=\"font-style:italic;font-weight:bold;color:#ffffff;\">CUISINE, VIN &amp; CH\u00c2TEAU<\/h4><div class=\"ult-new-ib-content ult-responsive\"  data-ultimate-target='#interactive-banner-wrap-9077 .ult-new-ib-content'  data-responsive-json-new='{\"font-size\":\"\",\"line-height\":\"\"}'  style=\"font-weight:normal;color:#ffffff;\"><p>Dans un cadre historique et culturel, en plein c\u0153ur du ch\u00e2teau de Caen, participez \u00e0 une journ\u00e9e qui mettra \u00e0 l\u2019\u00e9preuve la t\u00eate, les jambes et les diff\u00e9rents sens de vos collaborateurs.<\/p><\/div><\/div><a class=\"ult-new-ib-link\" href=\"http:\/\/exaequo-communication.fr\/wp-content\/uploads\/2019\/01\/Cuisine-Vin-Chateau.pdf\" target=\"_blank\" rel=\"noopener\"  ><\/a><\/div>[\/vc_column_inner][vc_column_inner column_padding=\u00a0\u00bbno-extra-padding\u00a0\u00bb column_padding_position=\u00a0\u00bball\u00a0\u00bb background_color_opacity=\u00a0\u00bb1&Prime; background_hover_color_opacity=\u00a0\u00bb1&Prime; column_shadow=\u00a0\u00bbnone\u00a0\u00bb column_border_radius=\u00a0\u00bbnone\u00a0\u00bb column_link_target=\u00a0\u00bb_self\u00a0\u00bb width=\u00a0\u00bb1\/2&Prime; tablet_width_inherit=\u00a0\u00bbdefault\u00a0\u00bb column_border_width=\u00a0\u00bbnone\u00a0\u00bb column_border_style=\u00a0\u00bbsolid\u00a0\u00bb]<div class=\"ult-new-ib ult-ib-effect-style11  ult-ib-resp  \" data-min-width=\"768\" data-max-width=\"900\" style=\"background:#ec4c4f;\" data-opacity=\"0.2\" data-hover-opacity=\"0.5\" ><img decoding=\"async\" class=\"ult-new-ib-img\" style=\"opacity:0.2;\" alt=\"rock&amp;cook\" src=\"https:\/\/exaequo-communication.fr\/wp-content\/uploads\/2019\/02\/rockcook.jpg\"   \/><div id=\"interactive-banner-wrap-7774\" class=\"ult-new-ib-desc\" style=\"\"><h4 class=\"ult-new-ib-title ult-responsive\"  data-ultimate-target='#interactive-banner-wrap-7774 .ult-new-ib-title'  data-responsive-json-new='{\"font-size\":\"desktop:24px;\",\"line-height\":\"\"}'  style=\"font-style:italic;font-weight:bold;color:#ffffff;\">ROCK N' COOK<\/h4><div class=\"ult-new-ib-content ult-responsive\"  data-ultimate-target='#interactive-banner-wrap-7774 .ult-new-ib-content'  data-responsive-json-new='{\"font-size\":\"\",\"line-height\":\"\"}'  style=\"font-weight:normal;\"><p>Voici une activit\u00e9 en int\u00e9rieur originale alliant la musique et la cuisine. Le principe est simple, vous avez une demi-journ\u00e9e pour cuisiner votre menu. Pour suivre la recette, il suffit d\u2019\u00e9couter les paroles des chansons et de suivre le rythme.<\/p><\/div><\/div><a class=\"ult-new-ib-link\" href=\"http:\/\/exaequo-communication.fr\/wp-content\/uploads\/2019\/01\/Rock-N-Cook.pdf\" target=\"_blank\" rel=\"noopener\"  ><\/a><\/div>[\/vc_column_inner][\/vc_row_inner][\/vc_column][\/vc_row]\n","protected":false},"excerpt":{"rendered":"<p>[vc_row type=\u00a0\u00bbin_container\u00a0\u00bb full_screen_row_position=\u00a0\u00bbmiddle\u00a0\u00bb bg_color=\u00a0\u00bb#eae8e8&Prime; scene_position=\u00a0\u00bbcenter\u00a0\u00bb text_color=\u00a0\u00bblight\u00a0\u00bb text_align=\u00a0\u00bbleft\u00a0\u00bb top_padding=\u00a0\u00bb40&Prime; bottom_padding=\u00a0\u00bb25&Prime; id=\u00a0\u00bbentreprise\u00a0\u00bb color_overlay=\u00a0\u00bb#eae8e8&Prime; overlay_strength=\u00a0\u00bb0.8&Prime; shape_divider_position=\u00a0\u00bbbottom\u00a0\u00bb shape_divider_height=\u00a0\u00bb300&Prime; bg_type=\u00a0\u00bbbg_color\u00a0\u00bb bg_override=\u00a0\u00bbex-full\u00a0\u00bb hover_anim=\u00a0\u00bbzoom\u00a0\u00bb shape_type=\u00a0\u00bbspeech\u00a0\u00bb bg_color_value=\u00a0\u00bb#eae8e8&Prime;][vc_column column_padding=\u00a0\u00bbno-extra-padding\u00a0\u00bb column_padding_position=\u00a0\u00bball\u00a0\u00bb background_color=\u00a0\u00bb#eae8e8&Prime; background_color_opacity=\u00a0\u00bb1&Prime; background_color_hover=\u00a0\u00bb#eae8e8&Prime; background_hover_color_opacity=\u00a0\u00bb1&Prime; column_link_target=\u00a0\u00bb_self\u00a0\u00bb column_shadow=\u00a0\u00bbnone\u00a0\u00bb column_border_radius=\u00a0\u00bbnone\u00a0\u00bb width=\u00a0\u00bb1\/1&Prime; tablet_width_inherit=\u00a0\u00bbdefault\u00a0\u00bb&#8230;<\/p>\n","protected":false},"author":5,"featured_media":0,"parent":0,"menu_order":0,"comment_status":"closed","ping_status":"closed","template":"","meta":{"footnotes":""},"class_list":["post-10651","page","type-page","status-publish"],"yoast_head":"<!-- This site is optimized with the Yoast SEO plugin v27.0 - https:\/\/yoast.com\/product\/yoast-seo-wordpress\/ -->\n<title>Team building - Saveurs normandes - Exaequo communication<\/title>\n<meta name=\"robots\" content=\"index, follow, max-snippet:-1, max-image-preview:large, max-video-preview:-1\" \/>\n<link rel=\"canonical\" href=\"https:\/\/exaequo-communication.fr\/index.php\/saveurs-normandes\/\" \/>\n<meta property=\"og:locale\" content=\"fr_FR\" \/>\n<meta property=\"og:type\" content=\"article\" \/>\n<meta property=\"og:title\" content=\"Team building - Saveurs normandes - Exaequo communication\" \/>\n<meta property=\"og:description\" content=\"[vc_row type=\u00a0\u00bbin_container\u00a0\u00bb full_screen_row_position=\u00a0\u00bbmiddle\u00a0\u00bb bg_color=\u00a0\u00bb#eae8e8&Prime; scene_position=\u00a0\u00bbcenter\u00a0\u00bb text_color=\u00a0\u00bblight\u00a0\u00bb text_align=\u00a0\u00bbleft\u00a0\u00bb top_padding=\u00a0\u00bb40&Prime; bottom_padding=\u00a0\u00bb25&Prime; id=\u00a0\u00bbentreprise\u00a0\u00bb color_overlay=\u00a0\u00bb#eae8e8&Prime; overlay_strength=\u00a0\u00bb0.8&Prime; shape_divider_position=\u00a0\u00bbbottom\u00a0\u00bb shape_divider_height=\u00a0\u00bb300&Prime; bg_type=\u00a0\u00bbbg_color\u00a0\u00bb bg_override=\u00a0\u00bbex-full\u00a0\u00bb hover_anim=\u00a0\u00bbzoom\u00a0\u00bb shape_type=\u00a0\u00bbspeech\u00a0\u00bb bg_color_value=\u00a0\u00bb#eae8e8&Prime;][vc_column column_padding=\u00a0\u00bbno-extra-padding\u00a0\u00bb column_padding_position=\u00a0\u00bball\u00a0\u00bb background_color=\u00a0\u00bb#eae8e8&Prime; background_color_opacity=\u00a0\u00bb1&Prime; background_color_hover=\u00a0\u00bb#eae8e8&Prime; background_hover_color_opacity=\u00a0\u00bb1&Prime; column_link_target=\u00a0\u00bb_self\u00a0\u00bb column_shadow=\u00a0\u00bbnone\u00a0\u00bb column_border_radius=\u00a0\u00bbnone\u00a0\u00bb width=\u00a0\u00bb1\/1&Prime; tablet_width_inherit=\u00a0\u00bbdefault\u00a0\u00bb...\" \/>\n<meta property=\"og:url\" content=\"https:\/\/exaequo-communication.fr\/index.php\/saveurs-normandes\/\" \/>\n<meta property=\"og:site_name\" content=\"Exaequo communication\" \/>\n<meta property=\"article:modified_time\" content=\"2019-02-07T08:48:53+00:00\" \/>\n<meta name=\"twitter:card\" content=\"summary_large_image\" \/>\n<meta name=\"twitter:label1\" content=\"Dur\u00e9e de lecture estim\u00e9e\" \/>\n\t<meta name=\"twitter:data1\" content=\"3 minutes\" \/>\n<script type=\"application\/ld+json\" class=\"yoast-schema-graph\">{\"@context\":\"https:\/\/schema.org\",\"@graph\":[{\"@type\":\"WebPage\",\"@id\":\"https:\/\/exaequo-communication.fr\/index.php\/saveurs-normandes\/\",\"url\":\"https:\/\/exaequo-communication.fr\/index.php\/saveurs-normandes\/\",\"name\":\"Team building - Saveurs normandes - Exaequo communication\",\"isPartOf\":{\"@id\":\"https:\/\/exaequo-communication.fr\/#website\"},\"datePublished\":\"2019-01-31T17:04:07+00:00\",\"dateModified\":\"2019-02-07T08:48:53+00:00\",\"breadcrumb\":{\"@id\":\"https:\/\/exaequo-communication.fr\/index.php\/saveurs-normandes\/#breadcrumb\"},\"inLanguage\":\"fr-FR\",\"potentialAction\":[{\"@type\":\"ReadAction\",\"target\":[\"https:\/\/exaequo-communication.fr\/index.php\/saveurs-normandes\/\"]}]},{\"@type\":\"BreadcrumbList\",\"@id\":\"https:\/\/exaequo-communication.fr\/index.php\/saveurs-normandes\/#breadcrumb\",\"itemListElement\":[{\"@type\":\"ListItem\",\"position\":1,\"name\":\"Accueil\",\"item\":\"https:\/\/exaequo-communication.fr\/\"},{\"@type\":\"ListItem\",\"position\":2,\"name\":\"Team building &#8211; Saveurs normandes\"}]},{\"@type\":\"WebSite\",\"@id\":\"https:\/\/exaequo-communication.fr\/#website\",\"url\":\"https:\/\/exaequo-communication.fr\/\",\"name\":\"Exaequo communication\",\"description\":\"\",\"potentialAction\":[{\"@type\":\"SearchAction\",\"target\":{\"@type\":\"EntryPoint\",\"urlTemplate\":\"https:\/\/exaequo-communication.fr\/?s={search_term_string}\"},\"query-input\":{\"@type\":\"PropertyValueSpecification\",\"valueRequired\":true,\"valueName\":\"search_term_string\"}}],\"inLanguage\":\"fr-FR\"}]}<\/script>\n<!-- \/ Yoast SEO plugin. -->","yoast_head_json":{"title":"Team building - Saveurs normandes - Exaequo communication","robots":{"index":"index","follow":"follow","max-snippet":"max-snippet:-1","max-image-preview":"max-image-preview:large","max-video-preview":"max-video-preview:-1"},"canonical":"https:\/\/exaequo-communication.fr\/index.php\/saveurs-normandes\/","og_locale":"fr_FR","og_type":"article","og_title":"Team building - Saveurs normandes - Exaequo communication","og_description":"[vc_row type=\u00a0\u00bbin_container\u00a0\u00bb full_screen_row_position=\u00a0\u00bbmiddle\u00a0\u00bb bg_color=\u00a0\u00bb#eae8e8&Prime; scene_position=\u00a0\u00bbcenter\u00a0\u00bb text_color=\u00a0\u00bblight\u00a0\u00bb text_align=\u00a0\u00bbleft\u00a0\u00bb top_padding=\u00a0\u00bb40&Prime; bottom_padding=\u00a0\u00bb25&Prime; id=\u00a0\u00bbentreprise\u00a0\u00bb color_overlay=\u00a0\u00bb#eae8e8&Prime; overlay_strength=\u00a0\u00bb0.8&Prime; shape_divider_position=\u00a0\u00bbbottom\u00a0\u00bb shape_divider_height=\u00a0\u00bb300&Prime; bg_type=\u00a0\u00bbbg_color\u00a0\u00bb bg_override=\u00a0\u00bbex-full\u00a0\u00bb hover_anim=\u00a0\u00bbzoom\u00a0\u00bb shape_type=\u00a0\u00bbspeech\u00a0\u00bb bg_color_value=\u00a0\u00bb#eae8e8&Prime;][vc_column column_padding=\u00a0\u00bbno-extra-padding\u00a0\u00bb column_padding_position=\u00a0\u00bball\u00a0\u00bb background_color=\u00a0\u00bb#eae8e8&Prime; background_color_opacity=\u00a0\u00bb1&Prime; background_color_hover=\u00a0\u00bb#eae8e8&Prime; background_hover_color_opacity=\u00a0\u00bb1&Prime; column_link_target=\u00a0\u00bb_self\u00a0\u00bb column_shadow=\u00a0\u00bbnone\u00a0\u00bb column_border_radius=\u00a0\u00bbnone\u00a0\u00bb width=\u00a0\u00bb1\/1&Prime; tablet_width_inherit=\u00a0\u00bbdefault\u00a0\u00bb...","og_url":"https:\/\/exaequo-communication.fr\/index.php\/saveurs-normandes\/","og_site_name":"Exaequo communication","article_modified_time":"2019-02-07T08:48:53+00:00","twitter_card":"summary_large_image","twitter_misc":{"Dur\u00e9e de lecture estim\u00e9e":"3 minutes"},"schema":{"@context":"https:\/\/schema.org","@graph":[{"@type":"WebPage","@id":"https:\/\/exaequo-communication.fr\/index.php\/saveurs-normandes\/","url":"https:\/\/exaequo-communication.fr\/index.php\/saveurs-normandes\/","name":"Team building - Saveurs normandes - Exaequo communication","isPartOf":{"@id":"https:\/\/exaequo-communication.fr\/#website"},"datePublished":"2019-01-31T17:04:07+00:00","dateModified":"2019-02-07T08:48:53+00:00","breadcrumb":{"@id":"https:\/\/exaequo-communication.fr\/index.php\/saveurs-normandes\/#breadcrumb"},"inLanguage":"fr-FR","potentialAction":[{"@type":"ReadAction","target":["https:\/\/exaequo-communication.fr\/index.php\/saveurs-normandes\/"]}]},{"@type":"BreadcrumbList","@id":"https:\/\/exaequo-communication.fr\/index.php\/saveurs-normandes\/#breadcrumb","itemListElement":[{"@type":"ListItem","position":1,"name":"Accueil","item":"https:\/\/exaequo-communication.fr\/"},{"@type":"ListItem","position":2,"name":"Team building &#8211; Saveurs normandes"}]},{"@type":"WebSite","@id":"https:\/\/exaequo-communication.fr\/#website","url":"https:\/\/exaequo-communication.fr\/","name":"Exaequo communication","description":"","potentialAction":[{"@type":"SearchAction","target":{"@type":"EntryPoint","urlTemplate":"https:\/\/exaequo-communication.fr\/?s={search_term_string}"},"query-input":{"@type":"PropertyValueSpecification","valueRequired":true,"valueName":"search_term_string"}}],"inLanguage":"fr-FR"}]}},"_links":{"self":[{"href":"https:\/\/exaequo-communication.fr\/index.php\/wp-json\/wp\/v2\/pages\/10651","targetHints":{"allow":["GET"]}}],"collection":[{"href":"https:\/\/exaequo-communication.fr\/index.php\/wp-json\/wp\/v2\/pages"}],"about":[{"href":"https:\/\/exaequo-communication.fr\/index.php\/wp-json\/wp\/v2\/types\/page"}],"author":[{"embeddable":true,"href":"https:\/\/exaequo-communication.fr\/index.php\/wp-json\/wp\/v2\/users\/5"}],"replies":[{"embeddable":true,"href":"https:\/\/exaequo-communication.fr\/index.php\/wp-json\/wp\/v2\/comments?post=10651"}],"version-history":[{"count":0,"href":"https:\/\/exaequo-communication.fr\/index.php\/wp-json\/wp\/v2\/pages\/10651\/revisions"}],"wp:attachment":[{"href":"https:\/\/exaequo-communication.fr\/index.php\/wp-json\/wp\/v2\/media?parent=10651"}],"curies":[{"name":"wp","href":"https:\/\/api.w.org\/{rel}","templated":true}]}}