{"id":10597,"date":"2019-01-29T17:24:43","date_gmt":"2019-01-29T16:24:43","guid":{"rendered":"http:\/\/exaequo-communication.fr\/?page_id=10597"},"modified":"2019-02-05T15:49:23","modified_gmt":"2019-02-05T14:49:23","slug":"chasse-au-tresor","status":"publish","type":"page","link":"https:\/\/exaequo-communication.fr\/index.php\/chasse-au-tresor\/","title":{"rendered":"Team building &#8211; Chasse au tr\u00e9sor"},"content":{"rendered":"[vc_row type=\u00a0\u00bbin_container\u00a0\u00bb full_screen_row_position=\u00a0\u00bbmiddle\u00a0\u00bb bg_color=\u00a0\u00bb#eae8e8&Prime; scene_position=\u00a0\u00bbcenter\u00a0\u00bb text_color=\u00a0\u00bblight\u00a0\u00bb text_align=\u00a0\u00bbleft\u00a0\u00bb top_padding=\u00a0\u00bb40&Prime; bottom_padding=\u00a0\u00bb25&Prime; id=\u00a0\u00bbentreprise\u00a0\u00bb color_overlay=\u00a0\u00bb#eae8e8&Prime; overlay_strength=\u00a0\u00bb0.8&Prime; shape_divider_position=\u00a0\u00bbbottom\u00a0\u00bb shape_divider_height=\u00a0\u00bb300&Prime; bg_type=\u00a0\u00bbbg_color\u00a0\u00bb bg_override=\u00a0\u00bbex-full\u00a0\u00bb hover_anim=\u00a0\u00bbzoom\u00a0\u00bb shape_type=\u00a0\u00bbspeech\u00a0\u00bb bg_color_value=\u00a0\u00bb#eae8e8&Prime;][vc_column centered_text=\u00a0\u00bbtrue\u00a0\u00bb column_padding=\u00a0\u00bbno-extra-padding\u00a0\u00bb column_padding_position=\u00a0\u00bbtop\u00a0\u00bb background_color=\u00a0\u00bb#eae8e8&Prime; background_color_opacity=\u00a0\u00bb1&Prime; background_color_hover=\u00a0\u00bb#eae8e8&Prime; background_hover_color_opacity=\u00a0\u00bb1&Prime; column_link_target=\u00a0\u00bb_self\u00a0\u00bb column_shadow=\u00a0\u00bbnone\u00a0\u00bb column_border_radius=\u00a0\u00bbnone\u00a0\u00bb width=\u00a0\u00bb1\/1&Prime; tablet_width_inherit=\u00a0\u00bbdefault\u00a0\u00bb tablet_text_alignment=\u00a0\u00bbdefault\u00a0\u00bb phone_text_alignment=\u00a0\u00bbdefault\u00a0\u00bb column_border_width=\u00a0\u00bbnone\u00a0\u00bb column_border_style=\u00a0\u00bbsolid\u00a0\u00bb][vc_column_text css_animation=\u00a0\u00bbfadeIn\u00a0\u00bb]\n<h2 style=\"text-align: center;\"><span style=\"color: #333333;\">NOS CHASSES AU TR\u00c9SOR<\/span><\/h2>\n<p style=\"text-align: center;\"><span style=\"color: #333333;\">Afin d&rsquo;organiser votre team-building adapt\u00e9 \u00e0 vos besoins, nous faisons appel \u00e0 notre cr\u00e9ativit\u00e9 pour vous proposer une chasse au tr\u00e9sor personnalis\u00e9e. L&rsquo;objectif est d&rsquo;organiser une animation f\u00e9d\u00e9ratrice et ludique permettant l&rsquo;\u00e9change et l&rsquo;interaction entre vos collaborateurs.<\/span><\/p>\n[\/vc_column_text][vc_row_inner column_margin=\u00a0\u00bbdefault\u00a0\u00bb top_padding=\u00a0\u00bb30&Prime; text_align=\u00a0\u00bbleft\u00a0\u00bb][vc_column_inner column_padding=\u00a0\u00bbno-extra-padding\u00a0\u00bb column_padding_position=\u00a0\u00bball\u00a0\u00bb background_color_opacity=\u00a0\u00bb1&Prime; background_hover_color_opacity=\u00a0\u00bb1&Prime; font_color=\u00a0\u00bb#ffffff\u00a0\u00bb column_shadow=\u00a0\u00bbnone\u00a0\u00bb column_border_radius=\u00a0\u00bbnone\u00a0\u00bb column_link_target=\u00a0\u00bb_self\u00a0\u00bb width=\u00a0\u00bb1\/3&Prime; tablet_width_inherit=\u00a0\u00bbdefault\u00a0\u00bb column_border_width=\u00a0\u00bbnone\u00a0\u00bb column_border_style=\u00a0\u00bbsolid\u00a0\u00bb]<div class=\"ult-new-ib ult-ib-effect-style11  ult-ib-resp  \" data-min-width=\"768\" data-max-width=\"900\" style=\"background:#f56326;\" data-opacity=\"0.2\" data-hover-opacity=\"0.5\" ><img decoding=\"async\" class=\"ult-new-ib-img\" style=\"opacity:0.2;\" alt=\"harasdu pin\" src=\"https:\/\/exaequo-communication.fr\/wp-content\/uploads\/2019\/01\/harasdu-pin.jpg\"   \/><div id=\"interactive-banner-wrap-8394\" class=\"ult-new-ib-desc\" style=\"\"><h4 class=\"ult-new-ib-title ult-responsive\"  data-ultimate-target='#interactive-banner-wrap-8394 .ult-new-ib-title'  data-responsive-json-new='{\"font-size\":\"desktop:25px;\",\"line-height\":\"\"}'  style=\"font-style:italic;font-weight:bold;color:#ffffff;\">LE MYST\u00c8RE DU CHEVAL PARFAIT<\/h4><div class=\"ult-new-ib-content ult-responsive\"  data-ultimate-target='#interactive-banner-wrap-8394 .ult-new-ib-content'  data-responsive-json-new='{\"font-size\":\"\",\"line-height\":\"\"}'  style=\"font-weight:normal;color:#ffffff;\"><p>Ouvrez les portes du Haras du Pin pour participer \u00e0 cette chasse au tr\u00e9sor qui vous fera d\u00e9couvrir toutes les facettes du Versailles du Cheval.<\/p><\/div><\/div><a class=\"ult-new-ib-link\" href=\"http:\/\/exaequo-communication.fr\/wp-content\/uploads\/2019\/01\/Haras-du-pin.pdf\" target=\"_blank\" rel=\"noopener\"  ><\/a><\/div>[\/vc_column_inner][vc_column_inner column_padding=\u00a0\u00bbno-extra-padding\u00a0\u00bb column_padding_position=\u00a0\u00bball\u00a0\u00bb background_color_opacity=\u00a0\u00bb1&Prime; background_hover_color_opacity=\u00a0\u00bb1&Prime; column_shadow=\u00a0\u00bbnone\u00a0\u00bb column_border_radius=\u00a0\u00bbnone\u00a0\u00bb column_link_target=\u00a0\u00bb_self\u00a0\u00bb width=\u00a0\u00bb1\/3&Prime; tablet_width_inherit=\u00a0\u00bbdefault\u00a0\u00bb column_border_width=\u00a0\u00bbnone\u00a0\u00bb column_border_style=\u00a0\u00bbsolid\u00a0\u00bb]<div class=\"ult-new-ib ult-ib-effect-style11  ult-ib-resp  \" data-min-width=\"768\" data-max-width=\"900\" style=\"background:#ec4c4f;\" data-opacity=\"0.2\" data-hover-opacity=\"0.5\" ><img decoding=\"async\" class=\"ult-new-ib-img\" style=\"opacity:0.2;\" alt=\"Odys\u00e9e verte\" src=\"https:\/\/exaequo-communication.fr\/wp-content\/uploads\/2019\/01\/IMG_4939.jpg\"   \/><div id=\"interactive-banner-wrap-2900\" class=\"ult-new-ib-desc\" style=\"\"><h4 class=\"ult-new-ib-title ult-responsive\"  data-ultimate-target='#interactive-banner-wrap-2900 .ult-new-ib-title'  data-responsive-json-new='{\"font-size\":\"desktop:24px;\",\"line-height\":\"\"}'  style=\"font-style:italic;font-weight:bold;color:#ffffff;\">L\u2019ODYSS\u00c9E VERTE<\/h4><div class=\"ult-new-ib-content ult-responsive\"  data-ultimate-target='#interactive-banner-wrap-2900 .ult-new-ib-content'  data-responsive-json-new='{\"font-size\":\"\",\"line-height\":\"\"}'  style=\"font-weight:normal;\"><p>Nous vous emmenons pour une chasse au tr\u00e9sor ludique en plein c\u0153ur de la Suisse Normande. Ce territoire vallonn\u00e9 et verdoyant est reconnu pour son c\u00f4t\u00e9 nature et son grand panel d\u2019activit\u00e9s.<\/p><\/div><\/div><a class=\"ult-new-ib-link\" href=\"http:\/\/exaequo-communication.fr\/wp-content\/uploads\/2019\/01\/LOdyss\u00e9e-Verte.pdf\" target=\"_blank\" rel=\"noopener\"  ><\/a><\/div>[\/vc_column_inner][vc_column_inner column_padding=\u00a0\u00bbno-extra-padding\u00a0\u00bb column_padding_position=\u00a0\u00bball\u00a0\u00bb background_color_opacity=\u00a0\u00bb1&Prime; background_hover_color_opacity=\u00a0\u00bb1&Prime; column_shadow=\u00a0\u00bbnone\u00a0\u00bb column_border_radius=\u00a0\u00bbnone\u00a0\u00bb column_link_target=\u00a0\u00bb_self\u00a0\u00bb width=\u00a0\u00bb1\/3&Prime; tablet_width_inherit=\u00a0\u00bbdefault\u00a0\u00bb column_border_width=\u00a0\u00bbnone\u00a0\u00bb column_border_style=\u00a0\u00bbsolid\u00a0\u00bb]<div class=\"ult-new-ib ult-ib-effect-style11  ult-ib-resp  \" data-min-width=\"768\" data-max-width=\"900\" style=\"background:#e36d59;\" data-opacity=\"0.2\" data-hover-opacity=\"0.5\" ><img decoding=\"async\" class=\"ult-new-ib-img\" style=\"opacity:0.2;\" alt=\"null\" src=\"https:\/\/exaequo-communication.fr\/wp-content\/uploads\/2019\/01\/guillaume-2.jpg\"   \/><div id=\"interactive-banner-wrap-5011\" class=\"ult-new-ib-desc\" style=\"\"><h4 class=\"ult-new-ib-title ult-responsive\"  data-ultimate-target='#interactive-banner-wrap-5011 .ult-new-ib-title'  data-responsive-json-new='{\"font-size\":\"desktop:24px;\",\"line-height\":\"\"}'  style=\"font-style:italic;font-weight:bold;\">LE TR\u00c9SOR DE GUILLAUME<\/h4><div class=\"ult-new-ib-content ult-responsive\"  data-ultimate-target='#interactive-banner-wrap-5011 .ult-new-ib-content'  data-responsive-json-new='{\"font-size\":\"\",\"line-height\":\"\"}'  style=\"font-weight:normal;\"><p>Participez \u00e0 une aventure th\u00e9matique sur les traces de Guillaume le Conqu\u00e9rant et partez \u00e0 la d\u00e9couverte de la ville de Caen. Cette animation propose des activit\u00e9s qui favorisent l\u2019\u00e9mulation, stimulent l\u2019esprit d\u2019\u00e9quipe et \u00e9veillent le sens de la curiosit\u00e9.<\/p><\/div><\/div><a class=\"ult-new-ib-link\" href=\"http:\/\/exaequo-communication.fr\/wp-content\/uploads\/2019\/01\/A-la-recherche-du-tr\u00e9sor-de-Guillaume.pdf\" target=\"_blank\" rel=\"noopener\"  ><\/a><\/div>[\/vc_column_inner][\/vc_row_inner][\/vc_column][\/vc_row]\n","protected":false},"excerpt":{"rendered":"<p>[vc_row type=\u00a0\u00bbin_container\u00a0\u00bb full_screen_row_position=\u00a0\u00bbmiddle\u00a0\u00bb bg_color=\u00a0\u00bb#eae8e8&Prime; scene_position=\u00a0\u00bbcenter\u00a0\u00bb text_color=\u00a0\u00bblight\u00a0\u00bb text_align=\u00a0\u00bbleft\u00a0\u00bb top_padding=\u00a0\u00bb40&Prime; bottom_padding=\u00a0\u00bb25&Prime; id=\u00a0\u00bbentreprise\u00a0\u00bb color_overlay=\u00a0\u00bb#eae8e8&Prime; overlay_strength=\u00a0\u00bb0.8&Prime; shape_divider_position=\u00a0\u00bbbottom\u00a0\u00bb shape_divider_height=\u00a0\u00bb300&Prime; bg_type=\u00a0\u00bbbg_color\u00a0\u00bb bg_override=\u00a0\u00bbex-full\u00a0\u00bb hover_anim=\u00a0\u00bbzoom\u00a0\u00bb shape_type=\u00a0\u00bbspeech\u00a0\u00bb bg_color_value=\u00a0\u00bb#eae8e8&Prime;][vc_column centered_text=\u00a0\u00bbtrue\u00a0\u00bb column_padding=\u00a0\u00bbno-extra-padding\u00a0\u00bb column_padding_position=\u00a0\u00bbtop\u00a0\u00bb background_color=\u00a0\u00bb#eae8e8&Prime; background_color_opacity=\u00a0\u00bb1&Prime; background_color_hover=\u00a0\u00bb#eae8e8&Prime; background_hover_color_opacity=\u00a0\u00bb1&Prime; column_link_target=\u00a0\u00bb_self\u00a0\u00bb column_shadow=\u00a0\u00bbnone\u00a0\u00bb column_border_radius=\u00a0\u00bbnone\u00a0\u00bb width=\u00a0\u00bb1\/1&Prime;&#8230;<\/p>\n","protected":false},"author":5,"featured_media":0,"parent":0,"menu_order":0,"comment_status":"closed","ping_status":"closed","template":"","meta":{"footnotes":""},"class_list":["post-10597","page","type-page","status-publish"],"yoast_head":"<!-- This site is optimized with the Yoast SEO plugin v27.0 - https:\/\/yoast.com\/product\/yoast-seo-wordpress\/ -->\n<title>Team building - Chasse au tr\u00e9sor - Exaequo communication<\/title>\n<meta name=\"robots\" content=\"index, follow, max-snippet:-1, max-image-preview:large, max-video-preview:-1\" \/>\n<link rel=\"canonical\" href=\"https:\/\/exaequo-communication.fr\/index.php\/chasse-au-tresor\/\" \/>\n<meta property=\"og:locale\" content=\"fr_FR\" \/>\n<meta property=\"og:type\" content=\"article\" \/>\n<meta property=\"og:title\" content=\"Team building - Chasse au tr\u00e9sor - Exaequo communication\" \/>\n<meta property=\"og:description\" content=\"[vc_row type=\u00a0\u00bbin_container\u00a0\u00bb full_screen_row_position=\u00a0\u00bbmiddle\u00a0\u00bb bg_color=\u00a0\u00bb#eae8e8&Prime; scene_position=\u00a0\u00bbcenter\u00a0\u00bb text_color=\u00a0\u00bblight\u00a0\u00bb text_align=\u00a0\u00bbleft\u00a0\u00bb top_padding=\u00a0\u00bb40&Prime; bottom_padding=\u00a0\u00bb25&Prime; id=\u00a0\u00bbentreprise\u00a0\u00bb color_overlay=\u00a0\u00bb#eae8e8&Prime; overlay_strength=\u00a0\u00bb0.8&Prime; shape_divider_position=\u00a0\u00bbbottom\u00a0\u00bb shape_divider_height=\u00a0\u00bb300&Prime; bg_type=\u00a0\u00bbbg_color\u00a0\u00bb bg_override=\u00a0\u00bbex-full\u00a0\u00bb hover_anim=\u00a0\u00bbzoom\u00a0\u00bb shape_type=\u00a0\u00bbspeech\u00a0\u00bb bg_color_value=\u00a0\u00bb#eae8e8&Prime;][vc_column centered_text=\u00a0\u00bbtrue\u00a0\u00bb column_padding=\u00a0\u00bbno-extra-padding\u00a0\u00bb column_padding_position=\u00a0\u00bbtop\u00a0\u00bb background_color=\u00a0\u00bb#eae8e8&Prime; background_color_opacity=\u00a0\u00bb1&Prime; background_color_hover=\u00a0\u00bb#eae8e8&Prime; background_hover_color_opacity=\u00a0\u00bb1&Prime; column_link_target=\u00a0\u00bb_self\u00a0\u00bb column_shadow=\u00a0\u00bbnone\u00a0\u00bb column_border_radius=\u00a0\u00bbnone\u00a0\u00bb width=\u00a0\u00bb1\/1&Prime;...\" \/>\n<meta property=\"og:url\" content=\"https:\/\/exaequo-communication.fr\/index.php\/chasse-au-tresor\/\" \/>\n<meta property=\"og:site_name\" content=\"Exaequo communication\" \/>\n<meta property=\"article:modified_time\" content=\"2019-02-05T14:49:23+00:00\" \/>\n<meta name=\"twitter:card\" content=\"summary_large_image\" \/>\n<meta name=\"twitter:label1\" content=\"Dur\u00e9e de lecture estim\u00e9e\" \/>\n\t<meta name=\"twitter:data1\" content=\"3 minutes\" \/>\n<script type=\"application\/ld+json\" class=\"yoast-schema-graph\">{\"@context\":\"https:\/\/schema.org\",\"@graph\":[{\"@type\":\"WebPage\",\"@id\":\"https:\/\/exaequo-communication.fr\/index.php\/chasse-au-tresor\/\",\"url\":\"https:\/\/exaequo-communication.fr\/index.php\/chasse-au-tresor\/\",\"name\":\"Team building - Chasse au tr\u00e9sor - Exaequo communication\",\"isPartOf\":{\"@id\":\"https:\/\/exaequo-communication.fr\/#website\"},\"datePublished\":\"2019-01-29T16:24:43+00:00\",\"dateModified\":\"2019-02-05T14:49:23+00:00\",\"breadcrumb\":{\"@id\":\"https:\/\/exaequo-communication.fr\/index.php\/chasse-au-tresor\/#breadcrumb\"},\"inLanguage\":\"fr-FR\",\"potentialAction\":[{\"@type\":\"ReadAction\",\"target\":[\"https:\/\/exaequo-communication.fr\/index.php\/chasse-au-tresor\/\"]}]},{\"@type\":\"BreadcrumbList\",\"@id\":\"https:\/\/exaequo-communication.fr\/index.php\/chasse-au-tresor\/#breadcrumb\",\"itemListElement\":[{\"@type\":\"ListItem\",\"position\":1,\"name\":\"Accueil\",\"item\":\"https:\/\/exaequo-communication.fr\/\"},{\"@type\":\"ListItem\",\"position\":2,\"name\":\"Team building &#8211; Chasse au tr\u00e9sor\"}]},{\"@type\":\"WebSite\",\"@id\":\"https:\/\/exaequo-communication.fr\/#website\",\"url\":\"https:\/\/exaequo-communication.fr\/\",\"name\":\"Exaequo communication\",\"description\":\"\",\"potentialAction\":[{\"@type\":\"SearchAction\",\"target\":{\"@type\":\"EntryPoint\",\"urlTemplate\":\"https:\/\/exaequo-communication.fr\/?s={search_term_string}\"},\"query-input\":{\"@type\":\"PropertyValueSpecification\",\"valueRequired\":true,\"valueName\":\"search_term_string\"}}],\"inLanguage\":\"fr-FR\"}]}<\/script>\n<!-- \/ Yoast SEO plugin. -->","yoast_head_json":{"title":"Team building - Chasse au tr\u00e9sor - Exaequo communication","robots":{"index":"index","follow":"follow","max-snippet":"max-snippet:-1","max-image-preview":"max-image-preview:large","max-video-preview":"max-video-preview:-1"},"canonical":"https:\/\/exaequo-communication.fr\/index.php\/chasse-au-tresor\/","og_locale":"fr_FR","og_type":"article","og_title":"Team building - Chasse au tr\u00e9sor - Exaequo communication","og_description":"[vc_row type=\u00a0\u00bbin_container\u00a0\u00bb full_screen_row_position=\u00a0\u00bbmiddle\u00a0\u00bb bg_color=\u00a0\u00bb#eae8e8&Prime; scene_position=\u00a0\u00bbcenter\u00a0\u00bb text_color=\u00a0\u00bblight\u00a0\u00bb text_align=\u00a0\u00bbleft\u00a0\u00bb top_padding=\u00a0\u00bb40&Prime; bottom_padding=\u00a0\u00bb25&Prime; id=\u00a0\u00bbentreprise\u00a0\u00bb color_overlay=\u00a0\u00bb#eae8e8&Prime; overlay_strength=\u00a0\u00bb0.8&Prime; shape_divider_position=\u00a0\u00bbbottom\u00a0\u00bb shape_divider_height=\u00a0\u00bb300&Prime; bg_type=\u00a0\u00bbbg_color\u00a0\u00bb bg_override=\u00a0\u00bbex-full\u00a0\u00bb hover_anim=\u00a0\u00bbzoom\u00a0\u00bb shape_type=\u00a0\u00bbspeech\u00a0\u00bb bg_color_value=\u00a0\u00bb#eae8e8&Prime;][vc_column centered_text=\u00a0\u00bbtrue\u00a0\u00bb column_padding=\u00a0\u00bbno-extra-padding\u00a0\u00bb column_padding_position=\u00a0\u00bbtop\u00a0\u00bb background_color=\u00a0\u00bb#eae8e8&Prime; background_color_opacity=\u00a0\u00bb1&Prime; background_color_hover=\u00a0\u00bb#eae8e8&Prime; background_hover_color_opacity=\u00a0\u00bb1&Prime; column_link_target=\u00a0\u00bb_self\u00a0\u00bb column_shadow=\u00a0\u00bbnone\u00a0\u00bb column_border_radius=\u00a0\u00bbnone\u00a0\u00bb width=\u00a0\u00bb1\/1&Prime;...","og_url":"https:\/\/exaequo-communication.fr\/index.php\/chasse-au-tresor\/","og_site_name":"Exaequo communication","article_modified_time":"2019-02-05T14:49:23+00:00","twitter_card":"summary_large_image","twitter_misc":{"Dur\u00e9e de lecture estim\u00e9e":"3 minutes"},"schema":{"@context":"https:\/\/schema.org","@graph":[{"@type":"WebPage","@id":"https:\/\/exaequo-communication.fr\/index.php\/chasse-au-tresor\/","url":"https:\/\/exaequo-communication.fr\/index.php\/chasse-au-tresor\/","name":"Team building - Chasse au tr\u00e9sor - Exaequo communication","isPartOf":{"@id":"https:\/\/exaequo-communication.fr\/#website"},"datePublished":"2019-01-29T16:24:43+00:00","dateModified":"2019-02-05T14:49:23+00:00","breadcrumb":{"@id":"https:\/\/exaequo-communication.fr\/index.php\/chasse-au-tresor\/#breadcrumb"},"inLanguage":"fr-FR","potentialAction":[{"@type":"ReadAction","target":["https:\/\/exaequo-communication.fr\/index.php\/chasse-au-tresor\/"]}]},{"@type":"BreadcrumbList","@id":"https:\/\/exaequo-communication.fr\/index.php\/chasse-au-tresor\/#breadcrumb","itemListElement":[{"@type":"ListItem","position":1,"name":"Accueil","item":"https:\/\/exaequo-communication.fr\/"},{"@type":"ListItem","position":2,"name":"Team building &#8211; Chasse au tr\u00e9sor"}]},{"@type":"WebSite","@id":"https:\/\/exaequo-communication.fr\/#website","url":"https:\/\/exaequo-communication.fr\/","name":"Exaequo communication","description":"","potentialAction":[{"@type":"SearchAction","target":{"@type":"EntryPoint","urlTemplate":"https:\/\/exaequo-communication.fr\/?s={search_term_string}"},"query-input":{"@type":"PropertyValueSpecification","valueRequired":true,"valueName":"search_term_string"}}],"inLanguage":"fr-FR"}]}},"_links":{"self":[{"href":"https:\/\/exaequo-communication.fr\/index.php\/wp-json\/wp\/v2\/pages\/10597","targetHints":{"allow":["GET"]}}],"collection":[{"href":"https:\/\/exaequo-communication.fr\/index.php\/wp-json\/wp\/v2\/pages"}],"about":[{"href":"https:\/\/exaequo-communication.fr\/index.php\/wp-json\/wp\/v2\/types\/page"}],"author":[{"embeddable":true,"href":"https:\/\/exaequo-communication.fr\/index.php\/wp-json\/wp\/v2\/users\/5"}],"replies":[{"embeddable":true,"href":"https:\/\/exaequo-communication.fr\/index.php\/wp-json\/wp\/v2\/comments?post=10597"}],"version-history":[{"count":0,"href":"https:\/\/exaequo-communication.fr\/index.php\/wp-json\/wp\/v2\/pages\/10597\/revisions"}],"wp:attachment":[{"href":"https:\/\/exaequo-communication.fr\/index.php\/wp-json\/wp\/v2\/media?parent=10597"}],"curies":[{"name":"wp","href":"https:\/\/api.w.org\/{rel}","templated":true}]}}